{"id":3043,"date":"2023-05-17T11:37:15","date_gmt":"2023-05-17T11:37:15","guid":{"rendered":"https:\/\/epcgnet.com\/panels\/"},"modified":"2023-06-02T13:19:20","modified_gmt":"2023-06-02T13:19:20","slug":"paneli","status":"publish","type":"page","link":"https:\/\/epcgnet.com\/en\/paneli\/","title":{"rendered":"Panels"},"content":{"rendered":"\t\t<div data-elementor-type=\"wp-page\" data-elementor-id=\"3043\" class=\"elementor elementor-3043 elementor-2921\">\n\t\t\t\t\t\t<div class=\"elementor-inner\">\n\t\t\t\t<div class=\"elementor-section-wrap\">\n\t\t\t\t\t\t\t\t\t<section class=\"elementor-section elementor-top-section elementor-element elementor-element-4c02073 elementor-section-boxed elementor-section-height-default elementor-section-height-default\" data-id=\"4c02073\" data-element_type=\"section\">\n\t\t\t\t\t\t<div class=\"elementor-container elementor-column-gap-default\">\n\t\t\t\t\t\t\t<div class=\"elementor-row\">\n\t\t\t\t\t<div class=\"elementor-column elementor-col-100 elementor-top-column elementor-element elementor-element-1233dad\" data-id=\"1233dad\" data-element_type=\"column\">\n\t\t\t<div class=\"elementor-column-wrap elementor-element-populated\">\n\t\t\t\t\t\t\t<div class=\"elementor-widget-wrap\">\n\t\t\t\t\t\t<div class=\"elementor-element elementor-element-ac1554f font-family-bold elementor-widget elementor-widget-exhibz-title\" data-id=\"ac1554f\" data-element_type=\"widget\" data-settings=\"{&quot;ekit_we_effect_on&quot;:&quot;none&quot;}\" data-widget_type=\"exhibz-title.default\">\n\t\t\t\t<div class=\"elementor-widget-container\">\n\t\t\t\n    <div class=\"title-section-area\">\n        <h2 class=\"section-title\">\n            <span class=\"sub-title\"><\/span>\n\t\t\tPanel 1        <\/h2>\n\t\t                    <\/div><!-- Section title -->\n    \n    \n\n    \t\t<\/div>\n\t\t\t\t<\/div>\n\t\t\t\t<div class=\"elementor-element elementor-element-f91a5c5 elementor-widget__width-initial elementor-widget-mobile__width-inherit elementor-widget elementor-widget-text-editor\" data-id=\"f91a5c5\" data-element_type=\"widget\" data-settings=\"{&quot;ekit_we_effect_on&quot;:&quot;none&quot;}\" data-widget_type=\"text-editor.default\">\n\t\t\t\t<div class=\"elementor-widget-container\">\n\t\t\t\t\t\t\t\t<div class=\"elementor-text-editor elementor-clearfix\">\n\t\t\t\t<p>Moderator of panel 1: <b><i>Response to the energy crisis in the region and EU<\/i><\/b> is prof. Nikola Rajakovi\u0107, PhD &#8211; chairman of the Association of Power Engineers.<\/p>\n<\/p>\n<p>The participants will discuss the current problems in the energy sector, both in the region and the rest of Europe, referring to the energy crisis and response of the states from the region and EU member states thereto, its consequences for the region and Europe, i.e. the methods for overcoming the energy crisis in the fastest manner, aimed at reaching the energy stability and establishing connections and networks for the future. Increase in prices of imported energy generating products and uncertainty of their supply justifies the need for introducing RES-based technologies. Development of the energy sector in the region is based on enhancement of energy efficiency and electricity generation from RES. <\/p>\n<\/p>\n<p>The panelists are: Jasmina Trhulj (Energy Community Secretariat), Petar Spr\u010di\u0107 (HEP), Miroslav Toma\u0161evi\u0107 (JP EPS), Blagoj Gajdard\u017eiski (ESM), Ivan Koprivica (MHERS), Erald Elezi (KESH), Milutin \u0110ukanovi\u0107 (EPCG) and Yann Guinard (EDF).<\/p>\n<p><span style=\"font-weight: 400;\"> <\/span><\/p>\n\t\t\t\t\t<\/div>\n\t\t\t\t\t\t<\/div>\n\t\t\t\t<\/div>\n\t\t\t\t\t\t<\/div>\n\t\t\t\t\t<\/div>\n\t\t<\/div>\n\t\t\t\t\t\t\t\t<\/div>\n\t\t\t\t\t<\/div>\n\t\t<\/section>\n\t\t\t\t<section class=\"elementor-section elementor-top-section elementor-element elementor-element-bdce903 elementor-section-boxed elementor-section-height-default elementor-section-height-default\" data-id=\"bdce903\" data-element_type=\"section\">\n\t\t\t\t\t\t<div class=\"elementor-container elementor-column-gap-default\">\n\t\t\t\t\t\t\t<div class=\"elementor-row\">\n\t\t\t\t\t<div class=\"elementor-column elementor-col-100 elementor-top-column elementor-element elementor-element-ac2ad30\" data-id=\"ac2ad30\" data-element_type=\"column\">\n\t\t\t<div class=\"elementor-column-wrap elementor-element-populated\">\n\t\t\t\t\t\t\t<div class=\"elementor-widget-wrap\">\n\t\t\t\t\t\t<div class=\"elementor-element elementor-element-d03a7f1 font-family-bold elementor-widget elementor-widget-exhibz-title\" data-id=\"d03a7f1\" data-element_type=\"widget\" data-settings=\"{&quot;ekit_we_effect_on&quot;:&quot;none&quot;}\" data-widget_type=\"exhibz-title.default\">\n\t\t\t\t<div class=\"elementor-widget-container\">\n\t\t\t\n    <div class=\"title-section-area\">\n        <h2 class=\"section-title\">\n            <span class=\"sub-title\"><\/span>\n\t\t\tPanel 2        <\/h2>\n\t\t                    <\/div><!-- Section title -->\n    \n    \n\n    \t\t<\/div>\n\t\t\t\t<\/div>\n\t\t\t\t<div class=\"elementor-element elementor-element-9ec6620 elementor-widget__width-initial elementor-widget-mobile__width-inherit elementor-widget elementor-widget-text-editor\" data-id=\"9ec6620\" data-element_type=\"widget\" data-settings=\"{&quot;ekit_we_effect_on&quot;:&quot;none&quot;}\" data-widget_type=\"text-editor.default\">\n\t\t\t\t<div class=\"elementor-widget-container\">\n\t\t\t\t\t\t\t\t<div class=\"elementor-text-editor elementor-clearfix\">\n\t\t\t\t<p>Panel 2: <b><i>Optimal energy mix for the future and RES integration<\/i><\/b> challenges will be moderated by Matija Tadi\u0107, project manager in the German Development Bank &#8211; KfW. <\/p>\n<\/p>\n<p>Topic of this panel refers to development of the electric power networks, construction of interconnection capacities, and applying of new technologies in general \u2013 the manner of speeding up the integration of renewable energy sources with high quality of service for the end customers, having in mind that the existing network capacities are mainly insufficient. The participants will discuss transition of energy sector in the region via gradual increase and construction of the new capacities based on renewable energy sources, with safe and optimum operation of the energy system at all times.<\/p>\n<\/p>\n<p>The panelists are: Ivan Asanovi\u0107 (CGES), Ranko Goi\u0107 (Faculty of Electrical Engineering, Mechanical Engineering and Naval Architecture in Split), Jelena Mateji\u0107 (Elektromre\u017ee Srbije AD), Milo\u0161 Mladenovi\u0107 (SEEPEX A.D.), Neboj\u0161a Arsenijevi\u0107 (UGT Renewables), Maja Turkovi\u0107 (CWP Global \u2013 Evropa) and Ervin Leko (EP HZHB).<\/p><\/p>\n\t\t\t\t\t<\/div>\n\t\t\t\t\t\t<\/div>\n\t\t\t\t<\/div>\n\t\t\t\t\t\t<\/div>\n\t\t\t\t\t<\/div>\n\t\t<\/div>\n\t\t\t\t\t\t\t\t<\/div>\n\t\t\t\t\t<\/div>\n\t\t<\/section>\n\t\t\t\t<section class=\"elementor-section elementor-top-section elementor-element elementor-element-c814cac elementor-section-boxed elementor-section-height-default elementor-section-height-default\" data-id=\"c814cac\" data-element_type=\"section\">\n\t\t\t\t\t\t<div class=\"elementor-container elementor-column-gap-default\">\n\t\t\t\t\t\t\t<div class=\"elementor-row\">\n\t\t\t\t\t<div class=\"elementor-column elementor-col-100 elementor-top-column elementor-element elementor-element-e7527be\" data-id=\"e7527be\" data-element_type=\"column\">\n\t\t\t<div class=\"elementor-column-wrap elementor-element-populated\">\n\t\t\t\t\t\t\t<div class=\"elementor-widget-wrap\">\n\t\t\t\t\t\t<div class=\"elementor-element elementor-element-0c57ec0 font-family-bold elementor-widget elementor-widget-exhibz-title\" data-id=\"0c57ec0\" data-element_type=\"widget\" data-settings=\"{&quot;ekit_we_effect_on&quot;:&quot;none&quot;}\" data-widget_type=\"exhibz-title.default\">\n\t\t\t\t<div class=\"elementor-widget-container\">\n\t\t\t\n    <div class=\"title-section-area\">\n        <h2 class=\"section-title\">\n            <span class=\"sub-title\"><\/span>\n\t\t\tPanel 3        <\/h2>\n\t\t                    <\/div><!-- Section title -->\n    \n    \n\n    \t\t<\/div>\n\t\t\t\t<\/div>\n\t\t\t\t<div class=\"elementor-element elementor-element-1dc98f6 elementor-widget__width-initial elementor-widget-mobile__width-inherit elementor-widget elementor-widget-text-editor\" data-id=\"1dc98f6\" data-element_type=\"widget\" data-settings=\"{&quot;ekit_we_effect_on&quot;:&quot;none&quot;}\" data-widget_type=\"text-editor.default\">\n\t\t\t\t<div class=\"elementor-widget-container\">\n\t\t\t\t\t\t\t\t<div class=\"elementor-text-editor elementor-clearfix\">\n\t\t\t\t<p>The Panel No. 3 &#8211; <b><i>Implementation and financing of Renewable Energy Projects<\/i><\/b>, will be moderated by Petar Mitrovi\u0107 (Karanovi\u0107 &amp; Parners) and devoted to discussion and exchange of opinions on topical issues and challenges the countries in transition are experiencing in the process of RES Projects implementation. Participants will discuss about methods, modes and sources of RES Projects financing, interest rates and RES Projects financing impacts, FI managements\u2019 decisions on selection of projects to be credited, conditions tailored to specific needs of each client or project.<\/p>\n<\/p>\n<p>The panellists are the following: Pablo Obrador Alvarez (KfW), Francesko Corbo (EBRD), Christopher Sheldon (World Bank), Irena Radovi\u0107 (IRF), Yngve Engstroem (EU Delegation to Montenegro), Miro Vra\u010dar (EPCG) and Marko \u010celebi\u0107 (NLB).<\/p>\n\t\t\t\t\t<\/div>\n\t\t\t\t\t\t<\/div>\n\t\t\t\t<\/div>\n\t\t\t\t\t\t<\/div>\n\t\t\t\t\t<\/div>\n\t\t<\/div>\n\t\t\t\t\t\t\t\t<\/div>\n\t\t\t\t\t<\/div>\n\t\t<\/section>\n\t\t\t\t<section class=\"elementor-section elementor-top-section elementor-element elementor-element-eea5d07 elementor-section-boxed elementor-section-height-default elementor-section-height-default\" data-id=\"eea5d07\" data-element_type=\"section\">\n\t\t\t\t\t\t<div class=\"elementor-container elementor-column-gap-default\">\n\t\t\t\t\t\t\t<div class=\"elementor-row\">\n\t\t\t\t\t<div class=\"elementor-column elementor-col-100 elementor-top-column elementor-element elementor-element-5d47244\" data-id=\"5d47244\" data-element_type=\"column\">\n\t\t\t<div class=\"elementor-column-wrap elementor-element-populated\">\n\t\t\t\t\t\t\t<div class=\"elementor-widget-wrap\">\n\t\t\t\t\t\t<div class=\"elementor-element elementor-element-a7eec1c font-family-bold elementor-widget elementor-widget-exhibz-title\" data-id=\"a7eec1c\" data-element_type=\"widget\" data-settings=\"{&quot;ekit_we_effect_on&quot;:&quot;none&quot;}\" data-widget_type=\"exhibz-title.default\">\n\t\t\t\t<div class=\"elementor-widget-container\">\n\t\t\t\n    <div class=\"title-section-area\">\n        <h2 class=\"section-title\">\n            <span class=\"sub-title\"><\/span>\n\t\t\tPanel 4        <\/h2>\n\t\t                    <\/div><!-- Section title -->\n    \n    \n\n    \t\t<\/div>\n\t\t\t\t<\/div>\n\t\t\t\t<div class=\"elementor-element elementor-element-71500d4 elementor-widget__width-initial elementor-widget-mobile__width-inherit elementor-widget elementor-widget-text-editor\" data-id=\"71500d4\" data-element_type=\"widget\" data-settings=\"{&quot;ekit_we_effect_on&quot;:&quot;none&quot;}\" data-widget_type=\"text-editor.default\">\n\t\t\t\t<div class=\"elementor-widget-container\">\n\t\t\t\t\t\t\t\t<div class=\"elementor-text-editor elementor-clearfix\">\n\t\t\t\t<p>Ms. Aleksandra Kikovi\u0107, a UNDP program manager, will be a moderator in the Panel <b><i>Coal regions in transition \u2013 can the transition be fair to all,<\/i><\/b> while Mr. Nikola Rov\u010danin (EPCG), Mr. Nevad Ikanovi\u0107 (EP B&amp;H), Mrs. Diana Milev \u010cavor (NGO Eco Team), Mr. Damir Miljevi\u0107 (Centre for sustainable energy transition), Mitja Ta\u0161ler (TE \u0160o\u0161tanj, HSE), Ms. Jasna Sekulovi\u0107 (GIZ) and Ms. Milka Mumovi\u0107 (Energy Community Secretariat) will be panellists.<\/p>\n<\/p>\n<p>Taking into consideration the accelerated strives of EU member states to reach a full decarbonisation by 2050, Montenegro\u2019s commitment to reach 35% reduction in effects of greenhouse gases emission by 2030, the transition from coal and gas to RES has become a predominant focus of Montenegro likewise the regional countries development. Most of the Western Balkans\u2019 countries still get the greatest portion of electricity generated from thermal power plants. Can the transition of coal region be fair to all?<\/p>\n\t\t\t\t\t<\/div>\n\t\t\t\t\t\t<\/div>\n\t\t\t\t<\/div>\n\t\t\t\t\t\t<\/div>\n\t\t\t\t\t<\/div>\n\t\t<\/div>\n\t\t\t\t\t\t\t\t<\/div>\n\t\t\t\t\t<\/div>\n\t\t<\/section>\n\t\t\t\t\t\t\t\t\t<\/div>\n\t\t\t<\/div>\n\t\t\t\t\t<\/div>\n\t\t","protected":false},"excerpt":{"rendered":"<p>Panel 1 Moderator of panel 1: Response to the energy crisis in the region and EU is prof. Nikola Rajakovi\u0107, PhD &#8211; chairman of the Association of Power Engineers. The participants will discuss the current problems in the energy sector, both in the region and the rest of Europe, referring to the energy crisis and [&hellip;]<\/p>\n","protected":false},"author":1,"featured_media":0,"parent":0,"menu_order":0,"comment_status":"closed","ping_status":"closed","template":"","meta":{"inline_featured_image":false,"footnotes":""},"yoast_head":"<!-- This site is optimized with the Yoast SEO plugin v22.8 - https:\/\/yoast.com\/wordpress\/plugins\/seo\/ -->\n<title>Panels - EPCG NET<\/title>\n<meta name=\"robots\" content=\"index, follow, max-snippet:-1, max-image-preview:large, max-video-preview:-1\" \/>\n<link rel=\"canonical\" href=\"https:\/\/epcgnet.com\/en\/paneli\/\" \/>\n<meta property=\"og:locale\" content=\"en_US\" \/>\n<meta property=\"og:type\" content=\"article\" \/>\n<meta property=\"og:title\" content=\"Panels - EPCG NET\" \/>\n<meta property=\"og:description\" content=\"Panel 1 Moderator of panel 1: Response to the energy crisis in the region and EU is prof. Nikola Rajakovi\u0107, PhD &#8211; chairman of the Association of Power Engineers. The participants will discuss the current problems in the energy sector, both in the region and the rest of Europe, referring to the energy crisis and [&hellip;]\" \/>\n<meta property=\"og:url\" content=\"https:\/\/epcgnet.com\/en\/paneli\/\" \/>\n<meta property=\"og:site_name\" content=\"EPCG NET\" \/>\n<meta property=\"article:modified_time\" content=\"2023-06-02T13:19:20+00:00\" \/>\n<meta name=\"twitter:card\" content=\"summary_large_image\" \/>\n<meta name=\"twitter:label1\" content=\"Est. reading time\" \/>\n\t<meta name=\"twitter:data1\" content=\"4 minutes\" \/>\n<script type=\"application\/ld+json\" class=\"yoast-schema-graph\">{\"@context\":\"https:\/\/schema.org\",\"@graph\":[{\"@type\":\"WebPage\",\"@id\":\"https:\/\/epcgnet.com\/en\/paneli\/\",\"url\":\"https:\/\/epcgnet.com\/en\/paneli\/\",\"name\":\"Panels - EPCG NET\",\"isPartOf\":{\"@id\":\"https:\/\/epcgnet.com\/#website\"},\"datePublished\":\"2023-05-17T11:37:15+00:00\",\"dateModified\":\"2023-06-02T13:19:20+00:00\",\"breadcrumb\":{\"@id\":\"https:\/\/epcgnet.com\/en\/paneli\/#breadcrumb\"},\"inLanguage\":\"en-US\",\"potentialAction\":[{\"@type\":\"ReadAction\",\"target\":[\"https:\/\/epcgnet.com\/en\/paneli\/\"]}]},{\"@type\":\"BreadcrumbList\",\"@id\":\"https:\/\/epcgnet.com\/en\/paneli\/#breadcrumb\",\"itemListElement\":[{\"@type\":\"ListItem\",\"position\":1,\"name\":\"Home\",\"item\":\"https:\/\/epcgnet.com\/\"},{\"@type\":\"ListItem\",\"position\":2,\"name\":\"Panels\"}]},{\"@type\":\"WebSite\",\"@id\":\"https:\/\/epcgnet.com\/#website\",\"url\":\"https:\/\/epcgnet.com\/\",\"name\":\"EPCG NET\",\"description\":\"Simpozijum energetike\",\"publisher\":{\"@id\":\"https:\/\/epcgnet.com\/#organization\"},\"potentialAction\":[{\"@type\":\"SearchAction\",\"target\":{\"@type\":\"EntryPoint\",\"urlTemplate\":\"https:\/\/epcgnet.com\/?s={search_term_string}\"},\"query-input\":\"required name=search_term_string\"}],\"inLanguage\":\"en-US\"},{\"@type\":\"Organization\",\"@id\":\"https:\/\/epcgnet.com\/#organization\",\"name\":\"EPCG NET\",\"url\":\"https:\/\/epcgnet.com\/\",\"logo\":{\"@type\":\"ImageObject\",\"inLanguage\":\"en-US\",\"@id\":\"https:\/\/epcgnet.com\/#\/schema\/logo\/image\/\",\"url\":\"https:\/\/epcgnet.com\/wp-content\/uploads\/2025\/06\/logo25-1.png\",\"contentUrl\":\"https:\/\/epcgnet.com\/wp-content\/uploads\/2025\/06\/logo25-1.png\",\"width\":765,\"height\":765,\"caption\":\"EPCG NET\"},\"image\":{\"@id\":\"https:\/\/epcgnet.com\/#\/schema\/logo\/image\/\"}}]}<\/script>\n<!-- \/ Yoast SEO plugin. -->","yoast_head_json":{"title":"Panels - EPCG NET","robots":{"index":"index","follow":"follow","max-snippet":"max-snippet:-1","max-image-preview":"max-image-preview:large","max-video-preview":"max-video-preview:-1"},"canonical":"https:\/\/epcgnet.com\/en\/paneli\/","og_locale":"en_US","og_type":"article","og_title":"Panels - EPCG NET","og_description":"Panel 1 Moderator of panel 1: Response to the energy crisis in the region and EU is prof. Nikola Rajakovi\u0107, PhD &#8211; chairman of the Association of Power Engineers. The participants will discuss the current problems in the energy sector, both in the region and the rest of Europe, referring to the energy crisis and [&hellip;]","og_url":"https:\/\/epcgnet.com\/en\/paneli\/","og_site_name":"EPCG NET","article_modified_time":"2023-06-02T13:19:20+00:00","twitter_card":"summary_large_image","twitter_misc":{"Est. reading time":"4 minutes"},"schema":{"@context":"https:\/\/schema.org","@graph":[{"@type":"WebPage","@id":"https:\/\/epcgnet.com\/en\/paneli\/","url":"https:\/\/epcgnet.com\/en\/paneli\/","name":"Panels - EPCG NET","isPartOf":{"@id":"https:\/\/epcgnet.com\/#website"},"datePublished":"2023-05-17T11:37:15+00:00","dateModified":"2023-06-02T13:19:20+00:00","breadcrumb":{"@id":"https:\/\/epcgnet.com\/en\/paneli\/#breadcrumb"},"inLanguage":"en-US","potentialAction":[{"@type":"ReadAction","target":["https:\/\/epcgnet.com\/en\/paneli\/"]}]},{"@type":"BreadcrumbList","@id":"https:\/\/epcgnet.com\/en\/paneli\/#breadcrumb","itemListElement":[{"@type":"ListItem","position":1,"name":"Home","item":"https:\/\/epcgnet.com\/"},{"@type":"ListItem","position":2,"name":"Panels"}]},{"@type":"WebSite","@id":"https:\/\/epcgnet.com\/#website","url":"https:\/\/epcgnet.com\/","name":"EPCG NET","description":"Simpozijum energetike","publisher":{"@id":"https:\/\/epcgnet.com\/#organization"},"potentialAction":[{"@type":"SearchAction","target":{"@type":"EntryPoint","urlTemplate":"https:\/\/epcgnet.com\/?s={search_term_string}"},"query-input":"required name=search_term_string"}],"inLanguage":"en-US"},{"@type":"Organization","@id":"https:\/\/epcgnet.com\/#organization","name":"EPCG NET","url":"https:\/\/epcgnet.com\/","logo":{"@type":"ImageObject","inLanguage":"en-US","@id":"https:\/\/epcgnet.com\/#\/schema\/logo\/image\/","url":"https:\/\/epcgnet.com\/wp-content\/uploads\/2025\/06\/logo25-1.png","contentUrl":"https:\/\/epcgnet.com\/wp-content\/uploads\/2025\/06\/logo25-1.png","width":765,"height":765,"caption":"EPCG NET"},"image":{"@id":"https:\/\/epcgnet.com\/#\/schema\/logo\/image\/"}}]}},"_links":{"self":[{"href":"https:\/\/epcgnet.com\/en\/wp-json\/wp\/v2\/pages\/3043"}],"collection":[{"href":"https:\/\/epcgnet.com\/en\/wp-json\/wp\/v2\/pages"}],"about":[{"href":"https:\/\/epcgnet.com\/en\/wp-json\/wp\/v2\/types\/page"}],"author":[{"embeddable":true,"href":"https:\/\/epcgnet.com\/en\/wp-json\/wp\/v2\/users\/1"}],"replies":[{"embeddable":true,"href":"https:\/\/epcgnet.com\/en\/wp-json\/wp\/v2\/comments?post=3043"}],"version-history":[{"count":0,"href":"https:\/\/epcgnet.com\/en\/wp-json\/wp\/v2\/pages\/3043\/revisions"}],"wp:attachment":[{"href":"https:\/\/epcgnet.com\/en\/wp-json\/wp\/v2\/media?parent=3043"}],"curies":[{"name":"wp","href":"https:\/\/api.w.org\/{rel}","templated":true}]}}